{"id":732,"date":"2021-09-02T09:19:50","date_gmt":"2021-09-02T08:19:50","guid":{"rendered":"https:\/\/iesmaimonides.es\/?page_id=732"},"modified":"2022-01-13T10:34:09","modified_gmt":"2022-01-13T09:34:09","slug":"becas-y-ayudas","status":"publish","type":"page","link":"https:\/\/iesmaimonides.es\/?page_id=732","title":{"rendered":"Becas y ayudas"},"content":{"rendered":"<p>En esta secci\u00f3n se encuentra la informaci\u00f3n correspondiente a becas y ayudas.<\/p>\n<p>Seleccione la opci\u00f3n deseada desde el men\u00fa desplegable.<\/p>\n","protected":false},"excerpt":{"rendered":"<p>En esta secci\u00f3n se encuentra la informaci\u00f3n correspondiente a becas y ayudas. Seleccione la opci\u00f3n deseada desde el men\u00fa desplegable.<\/p>\n","protected":false},"author":1,"featured_media":0,"parent":0,"menu_order":0,"comment_status":"closed","ping_status":"closed","template":"","meta":{"footnotes":""},"class_list":["post-732","page","type-page","status-publish","hentry"],"jetpack_sharing_enabled":true,"_links":{"self":[{"href":"https:\/\/iesmaimonides.es\/index.php?rest_route=\/wp\/v2\/pages\/732","targetHints":{"allow":["GET"]}}],"collection":[{"href":"https:\/\/iesmaimonides.es\/index.php?rest_route=\/wp\/v2\/pages"}],"about":[{"href":"https:\/\/iesmaimonides.es\/index.php?rest_route=\/wp\/v2\/types\/page"}],"author":[{"embeddable":true,"href":"https:\/\/iesmaimonides.es\/index.php?rest_route=\/wp\/v2\/users\/1"}],"replies":[{"embeddable":true,"href":"https:\/\/iesmaimonides.es\/index.php?rest_route=%2Fwp%2Fv2%2Fcomments&post=732"}],"version-history":[{"count":1,"href":"https:\/\/iesmaimonides.es\/index.php?rest_route=\/wp\/v2\/pages\/732\/revisions"}],"predecessor-version":[{"id":733,"href":"https:\/\/iesmaimonides.es\/index.php?rest_route=\/wp\/v2\/pages\/732\/revisions\/733"}],"wp:attachment":[{"href":"https:\/\/iesmaimonides.es\/index.php?rest_route=%2Fwp%2Fv2%2Fmedia&parent=732"}],"curies":[{"name":"wp","href":"https:\/\/api.w.org\/{rel}","templated":true}]}}