{"id":628,"date":"2021-06-14T19:58:14","date_gmt":"2021-06-14T18:58:14","guid":{"rendered":"https:\/\/iesmaimonides.es\/?page_id=628"},"modified":"2021-06-14T19:58:50","modified_gmt":"2021-06-14T18:58:50","slug":"escolarizacion-bach-adultos","status":"publish","type":"page","link":"https:\/\/iesmaimonides.es\/?page_id=628","title":{"rendered":"Escolarizaci\u00f3n &#8211; Bach Adultos"},"content":{"rendered":"<p>Informaci\u00f3n sobre el bachillerato de adultos, calendario e impresos:<\/p>\n<ul>\n<li><a href=\"https:\/\/iesmaimonides.es\/wp-content\/uploads\/2021\/06\/Horario-lectivo-semanal-y-oferta.pdf\" target=\"_blank\" rel=\"noopener\">Horario lectivo semanal y oferta<\/a><\/li>\n<li><a href=\"https:\/\/iesmaimonides.es\/wp-content\/uploads\/2021\/06\/SOLICITUD-ADMISION-BACHILLERATO-PERSONAS-ADULTAS.pdf\" target=\"_blank\" rel=\"noopener\">SOLICITUD ADMISI\u00d3N BACHILLERATO PERSONAS ADULTAS<\/a><\/li>\n<li><a href=\"https:\/\/iesmaimonides.es\/wp-content\/uploads\/2021\/06\/MATRICULA-BACHILLERATO-PERSONAS-ADULTAS.pdf\" target=\"_blank\" rel=\"noopener\">MATR\u00cdCULA BACHILLERATO PERSONAS ADULTAS<\/a><\/li>\n<li><a href=\"https:\/\/iesmaimonides.es\/wp-content\/uploads\/2021\/06\/REGISTRO-CLAVE-IANDE-BACH-ADULTOS.pdf\" target=\"_blank\" rel=\"noopener\">REGISTRO CLAVE IANDE BACH ADULTOS<\/a><\/li>\n<\/ul>\n","protected":false},"excerpt":{"rendered":"<p>Informaci\u00f3n sobre el bachillerato de adultos, calendario e impresos: Horario lectivo semanal y oferta SOLICITUD ADMISI\u00d3N BACHILLERATO PERSONAS ADULTAS MATR\u00cdCULA BACHILLERATO PERSONAS ADULTAS REGISTRO CLAVE IANDE BACH ADULTOS<\/p>\n","protected":false},"author":1,"featured_media":0,"parent":0,"menu_order":0,"comment_status":"closed","ping_status":"closed","template":"","meta":{"footnotes":""},"class_list":["post-628","page","type-page","status-publish","hentry"],"jetpack_sharing_enabled":true,"_links":{"self":[{"href":"https:\/\/iesmaimonides.es\/index.php?rest_route=\/wp\/v2\/pages\/628","targetHints":{"allow":["GET"]}}],"collection":[{"href":"https:\/\/iesmaimonides.es\/index.php?rest_route=\/wp\/v2\/pages"}],"about":[{"href":"https:\/\/iesmaimonides.es\/index.php?rest_route=\/wp\/v2\/types\/page"}],"author":[{"embeddable":true,"href":"https:\/\/iesmaimonides.es\/index.php?rest_route=\/wp\/v2\/users\/1"}],"replies":[{"embeddable":true,"href":"https:\/\/iesmaimonides.es\/index.php?rest_route=%2Fwp%2Fv2%2Fcomments&post=628"}],"version-history":[{"count":1,"href":"https:\/\/iesmaimonides.es\/index.php?rest_route=\/wp\/v2\/pages\/628\/revisions"}],"predecessor-version":[{"id":633,"href":"https:\/\/iesmaimonides.es\/index.php?rest_route=\/wp\/v2\/pages\/628\/revisions\/633"}],"wp:attachment":[{"href":"https:\/\/iesmaimonides.es\/index.php?rest_route=%2Fwp%2Fv2%2Fmedia&parent=628"}],"curies":[{"name":"wp","href":"https:\/\/api.w.org\/{rel}","templated":true}]}}