{"id":405,"date":"2021-06-02T19:17:44","date_gmt":"2021-06-02T18:17:44","guid":{"rendered":"https:\/\/iesmaimonides.es\/?page_id=405"},"modified":"2021-06-07T08:56:37","modified_gmt":"2021-06-07T07:56:37","slug":"fp-electricidad","status":"publish","type":"page","link":"https:\/\/iesmaimonides.es\/?page_id=405","title":{"rendered":"Oferta Educativa &#8211; FP Electricidad"},"content":{"rendered":"<div>La oferta educativa de la familia profesional de <strong>electricidad y electr\u00f3nica<\/strong> es la siguiente:<\/div>\n<ul>\n<li>FORMACI\u00d3N PROFESIONAL B\u00c1SICA EN ELECTRICIDAD<\/li>\n<li>CICLO FORMATIVO DE GRADO MEDIO INSTALACIONES EL\u00c9CTRICAS Y AUTOM\u00c1TICAS EN OFERTA COMPLETA (HORARIO MA\u00d1ANA)<\/li>\n<li>CICLO FORMATIVO DE GRADO MEDIO INSTALACIONES EL\u00c9CTRICAS Y AUTOM\u00c1TICAS EN OFERTA PARCIAL DIFERENCIADA (HORARIO TARDE)<\/li>\n<li>CICLO FORMATIVO DE GRADO SUPERIOR SISTEMAS ELECTROT\u00c9CNICOS Y AUTOMATIZADOS EN OFERTA COMPLETA (HORARIO TARDE)<\/li>\n<li>CICLO FORMATIVO DE GRADO SUPERIOR AUTOMATIZACI\u00d3N Y ROB\u00d3TICA INDUSTRIAL EN OFERTA DUAL (HORARIO EN CENTRO ESCOLAR TARDE)<\/li>\n<\/ul>\n<p>V\u00eddeo promocional del GM de electricidad<\/p>\n<p><iframe loading=\"lazy\" title=\"Video Promocional GM Electricidad\" width=\"980\" height=\"551\" src=\"https:\/\/www.youtube.com\/embed\/07gXPuaQeyw?feature=oembed\" frameborder=\"0\" allow=\"accelerometer; autoplay; clipboard-write; encrypted-media; gyroscope; picture-in-picture\" allowfullscreen><\/iframe><\/p>\n<p>&nbsp;<\/p>\n","protected":false},"excerpt":{"rendered":"<p>La oferta educativa de la familia profesional de electricidad y electr\u00f3nica es la siguiente: FORMACI\u00d3N PROFESIONAL B\u00c1SICA EN ELECTRICIDAD CICLO FORMATIVO DE GRADO MEDIO INSTALACIONES EL\u00c9CTRICAS Y AUTOM\u00c1TICAS EN OFERTA COMPLETA (HORARIO MA\u00d1ANA) CICLO FORMATIVO DE GRADO MEDIO INSTALACIONES EL\u00c9CTRICAS Y AUTOM\u00c1TICAS EN OFERTA PARCIAL DIFERENCIADA (HORARIO TARDE) CICLO FORMATIVO DE GRADO SUPERIOR SISTEMAS ELECTROT\u00c9CNICOS [&hellip;]<\/p>\n","protected":false},"author":1,"featured_media":0,"parent":0,"menu_order":0,"comment_status":"closed","ping_status":"closed","template":"","meta":{"footnotes":""},"class_list":["post-405","page","type-page","status-publish","hentry"],"jetpack_sharing_enabled":true,"_links":{"self":[{"href":"https:\/\/iesmaimonides.es\/index.php?rest_route=\/wp\/v2\/pages\/405","targetHints":{"allow":["GET"]}}],"collection":[{"href":"https:\/\/iesmaimonides.es\/index.php?rest_route=\/wp\/v2\/pages"}],"about":[{"href":"https:\/\/iesmaimonides.es\/index.php?rest_route=\/wp\/v2\/types\/page"}],"author":[{"embeddable":true,"href":"https:\/\/iesmaimonides.es\/index.php?rest_route=\/wp\/v2\/users\/1"}],"replies":[{"embeddable":true,"href":"https:\/\/iesmaimonides.es\/index.php?rest_route=%2Fwp%2Fv2%2Fcomments&post=405"}],"version-history":[{"count":3,"href":"https:\/\/iesmaimonides.es\/index.php?rest_route=\/wp\/v2\/pages\/405\/revisions"}],"predecessor-version":[{"id":477,"href":"https:\/\/iesmaimonides.es\/index.php?rest_route=\/wp\/v2\/pages\/405\/revisions\/477"}],"wp:attachment":[{"href":"https:\/\/iesmaimonides.es\/index.php?rest_route=%2Fwp%2Fv2%2Fmedia&parent=405"}],"curies":[{"name":"wp","href":"https:\/\/api.w.org\/{rel}","templated":true}]}}