{"id":38,"date":"2020-11-10T19:42:17","date_gmt":"2020-11-10T19:42:17","guid":{"rendered":"https:\/\/iesmaimonides.es\/?page_id=38"},"modified":"2020-11-11T09:37:25","modified_gmt":"2020-11-11T08:37:25","slug":"eso-y-bachillerato","status":"publish","type":"page","link":"https:\/\/iesmaimonides.es\/?page_id=38","title":{"rendered":"ESO y Bachillerato"},"content":{"rendered":"<p>Nuestros alumnos reciben una excelente formaci\u00f3n biling\u00fce que complementan con intercambios, siempre y cuando la situaci\u00f3n sanitaria lo permite. Este tipo de ense\u00f1anzas se imparten\u00a0 a m\u00e1s de 800 alumnos. Los resultados en Bachillerato y en la PeVAU son garante de la calidad de la ense\u00f1anza en nuestro IES.<\/p>\n","protected":false},"excerpt":{"rendered":"<p>Nuestros alumnos reciben una excelente formaci\u00f3n biling\u00fce que complementan con intercambios, siempre y cuando la situaci\u00f3n sanitaria lo permite. Este tipo de ense\u00f1anzas se imparten\u00a0 a m\u00e1s de 800 alumnos. Los resultados en Bachillerato y en la PeVAU son garante de la calidad de la ense\u00f1anza en nuestro IES.<\/p>\n","protected":false},"author":1,"featured_media":0,"parent":0,"menu_order":0,"comment_status":"closed","ping_status":"closed","template":"","meta":{"footnotes":""},"class_list":["post-38","page","type-page","status-publish","hentry"],"jetpack_sharing_enabled":true,"_links":{"self":[{"href":"https:\/\/iesmaimonides.es\/index.php?rest_route=\/wp\/v2\/pages\/38","targetHints":{"allow":["GET"]}}],"collection":[{"href":"https:\/\/iesmaimonides.es\/index.php?rest_route=\/wp\/v2\/pages"}],"about":[{"href":"https:\/\/iesmaimonides.es\/index.php?rest_route=\/wp\/v2\/types\/page"}],"author":[{"embeddable":true,"href":"https:\/\/iesmaimonides.es\/index.php?rest_route=\/wp\/v2\/users\/1"}],"replies":[{"embeddable":true,"href":"https:\/\/iesmaimonides.es\/index.php?rest_route=%2Fwp%2Fv2%2Fcomments&post=38"}],"version-history":[{"count":4,"href":"https:\/\/iesmaimonides.es\/index.php?rest_route=\/wp\/v2\/pages\/38\/revisions"}],"predecessor-version":[{"id":75,"href":"https:\/\/iesmaimonides.es\/index.php?rest_route=\/wp\/v2\/pages\/38\/revisions\/75"}],"wp:attachment":[{"href":"https:\/\/iesmaimonides.es\/index.php?rest_route=%2Fwp%2Fv2%2Fmedia&parent=38"}],"curies":[{"name":"wp","href":"https:\/\/api.w.org\/{rel}","templated":true}]}}