{"id":293,"date":"2021-03-15T19:12:37","date_gmt":"2021-03-15T18:12:37","guid":{"rendered":"https:\/\/iesmaimonides.es\/?page_id=293"},"modified":"2024-03-14T18:55:17","modified_gmt":"2024-03-14T17:55:17","slug":"erasmus","status":"publish","type":"page","link":"https:\/\/iesmaimonides.es\/?page_id=293","title":{"rendered":"Erasmus+"},"content":{"rendered":"<a href=\"https:\/\/iesmaimonides.es\/wp-content\/uploads\/2024\/03\/Politicas-Erasmus.docx.pdf\" class=\"pdfemb-viewer\" style=\"\" data-width=\"max\" data-height=\"max\" data-toolbar=\"bottom\" data-toolbar-fixed=\"off\">Politicas Erasmus.docx<\/a>\n<p>A continuaci\u00f3n podr\u00e1s encontrar informaci\u00f3n sobre el proyecto erasmus+ en el que participa el centro:<\/p>\n<ul>\n<li><a href=\"http:\/\/studentsreachingout.blogspot.com\">Proyecto SRO<\/a><\/li>\n<\/ul>\n<p>Carta ECHE (hacer click en la imagen):<\/p>\n<p>&nbsp;<\/p>\n<p><a href=\"https:\/\/iesmaimonides.es\/wp-content\/uploads\/2021\/07\/eche.pdf\"><img loading=\"lazy\" decoding=\"async\" class=\"alignnone wp-image-295 size-medium\" src=\"https:\/\/i0.wp.com\/iesmaimonides.es\/wp-content\/uploads\/2021\/03\/erasmus.jpg?resize=690%2C400&#038;ssl=1\" alt=\"\" width=\"690\" height=\"400\" data-recalc-dims=\"1\" \/><\/a><\/p>\n<p>&nbsp;<\/p>\n<p><img loading=\"lazy\" decoding=\"async\" class=\"alignnone size-full wp-image-1515\" src=\"https:\/\/i0.wp.com\/iesmaimonides.es\/wp-content\/uploads\/2023\/12\/era2.jpg?resize=635%2C365&#038;ssl=1\" alt=\"\" width=\"635\" height=\"365\" srcset=\"https:\/\/i0.wp.com\/iesmaimonides.es\/wp-content\/uploads\/2023\/12\/era2.jpg?w=635&amp;ssl=1 635w, https:\/\/i0.wp.com\/iesmaimonides.es\/wp-content\/uploads\/2023\/12\/era2.jpg?resize=210%2C121&amp;ssl=1 210w\" sizes=\"auto, (max-width: 635px) 100vw, 635px\" data-recalc-dims=\"1\" \/><\/p>\n<p><img loading=\"lazy\" decoding=\"async\" class=\"alignnone size-medium wp-image-1513\" src=\"https:\/\/i0.wp.com\/iesmaimonides.es\/wp-content\/uploads\/2023\/12\/era1.jpg?resize=690%2C400&#038;ssl=1\" alt=\"\" width=\"690\" height=\"400\" data-recalc-dims=\"1\" \/><\/p>\n","protected":false},"excerpt":{"rendered":"<p>A continuaci\u00f3n podr\u00e1s encontrar informaci\u00f3n sobre el proyecto erasmus+ en el que participa el centro: Proyecto SRO Carta ECHE (hacer click en la imagen): &nbsp; &nbsp;<\/p>\n","protected":false},"author":1,"featured_media":0,"parent":0,"menu_order":0,"comment_status":"closed","ping_status":"closed","template":"","meta":{"footnotes":""},"class_list":["post-293","page","type-page","status-publish","hentry"],"jetpack_sharing_enabled":true,"_links":{"self":[{"href":"https:\/\/iesmaimonides.es\/index.php?rest_route=\/wp\/v2\/pages\/293","targetHints":{"allow":["GET"]}}],"collection":[{"href":"https:\/\/iesmaimonides.es\/index.php?rest_route=\/wp\/v2\/pages"}],"about":[{"href":"https:\/\/iesmaimonides.es\/index.php?rest_route=\/wp\/v2\/types\/page"}],"author":[{"embeddable":true,"href":"https:\/\/iesmaimonides.es\/index.php?rest_route=\/wp\/v2\/users\/1"}],"replies":[{"embeddable":true,"href":"https:\/\/iesmaimonides.es\/index.php?rest_route=%2Fwp%2Fv2%2Fcomments&post=293"}],"version-history":[{"count":9,"href":"https:\/\/iesmaimonides.es\/index.php?rest_route=\/wp\/v2\/pages\/293\/revisions"}],"predecessor-version":[{"id":1554,"href":"https:\/\/iesmaimonides.es\/index.php?rest_route=\/wp\/v2\/pages\/293\/revisions\/1554"}],"wp:attachment":[{"href":"https:\/\/iesmaimonides.es\/index.php?rest_route=%2Fwp%2Fv2%2Fmedia&parent=293"}],"curies":[{"name":"wp","href":"https:\/\/api.w.org\/{rel}","templated":true}]}}