{"id":237,"date":"2021-02-23T12:14:16","date_gmt":"2021-02-23T11:14:16","guid":{"rendered":"https:\/\/iesmaimonides.es\/?page_id=237"},"modified":"2021-02-23T12:14:16","modified_gmt":"2021-02-23T11:14:16","slug":"repositorio-documental","status":"publish","type":"page","link":"https:\/\/iesmaimonides.es\/?page_id=237","title":{"rendered":"Repositorio documental"},"content":{"rendered":"<p>En este repositorio documental encontrar\u00e1 un hist\u00f3rico de los documentos de la Web:<\/p>\n<ul>\n<li><a href=\"https:\/\/iesmaimonides.es\/wp-content\/uploads\/2021\/02\/INSCRIPCION-EN-LAS-PRUEBAS-PARA-LA-OBTENCION-DEL-TITULO-DE-BACHILLER-PARA-PERSONAS-MAYORES-DE.pdf\">INSCRIPCI\u00d3N EN LAS PRUEBAS PARA LA OBTENCI\u00d3N DEL T\u00cdTULO DE BACHILLER PARA PERSONAS MAYORES DE<\/a><\/li>\n<li><a href=\"https:\/\/iesmaimonides.es\/wp-content\/uploads\/2021\/02\/MODALIDAD-DE-CIENCIAS.-DATOS-DE-INSCRIPCIONES-Y-EQUIVALENCIAS.pdf\">MODALIDAD DE CIENCIAS. DATOS DE INSCRIPCIONES Y EQUIVALENCIAS<\/a> <a href=\"https:\/\/iesmaimonides.es\/wp-content\/uploads\/2021\/02\/MODALIDAD-DE-HUMANIDADES-Y-CIENCIAS-SOCIALES.-DATOS-DE-INSCRIPCIONES-Y-EQUIVALENCIAS.pdf\">MODALIDAD DE HUMANIDADES Y CIENCIAS SOCIALES. DATOS DE INSCRIPCIONES Y EQUIVALENCIAS<\/a><\/li>\n<li><a href=\"https:\/\/iesmaimonides.es\/wp-content\/uploads\/2021\/02\/PTOBA-Cronograma-convocatoria-2021.pdf\">PTOBA Cronograma convocatoria 2021<\/a><\/li>\n<li><a href=\"https:\/\/iesmaimonides.es\/wp-content\/uploads\/2021\/02\/RESOLUCION-5-FEBRERO-2021.pdf\">RESOLUCION 5 FEBRERO 2021<\/a><\/li>\n<li><a href=\"https:\/\/iesmaimonides.es\/wp-content\/uploads\/2021\/02\/PEVAU-2021-IES-MAIMONIDES.pdf\">PEVAU 2021 &#8211; IES MAIMONIDES<\/a><\/li>\n<li><a href=\"https:\/\/iesmaimonides.es\/wp-content\/uploads\/2021\/02\/Pruebas_Libres_POT_21-1.pdf\">Pruebas_Libres_POT_21 (1)<\/a><\/li>\n<li><a href=\"https:\/\/iesmaimonides.es\/wp-content\/uploads\/2021\/02\/INSCRIPCION-PRUEBA-LIBRE-ESO-CON-CLAVE-IANDE-2.pdf\">INSCRIPCI\u00d3N PRUEBA LIBRE ESO CON CLAVE IANDE (2)<\/a><\/li>\n<li><a href=\"https:\/\/iesmaimonides.es\/wp-content\/uploads\/2021\/02\/Diptico_Pruebas_Libres_ESO_21.pdf\">D\u00edptico_Pruebas_Libres_ESO_21<\/a><\/li>\n<li><a href=\"https:\/\/iesmaimonides.es\/wp-content\/uploads\/2021\/02\/Informacion-plazos-GESO-abril-2021-1-2.pdf\">Informaci\u00f3n plazos GESO abril 2021-1 (2)<\/a><\/li>\n<li><a href=\"https:\/\/iesmaimonides.es\/wp-content\/uploads\/2021\/02\/SOLICITUD-EXENCION-FCT.pdf\">SOLICITUD-EXENCI\u00d3N-FCT<\/a><\/li>\n<\/ul>\n","protected":false},"excerpt":{"rendered":"<p>En este repositorio documental encontrar\u00e1 un hist\u00f3rico de los documentos de la Web: INSCRIPCI\u00d3N EN LAS PRUEBAS PARA LA OBTENCI\u00d3N DEL T\u00cdTULO DE BACHILLER PARA PERSONAS MAYORES DE MODALIDAD DE CIENCIAS. DATOS DE INSCRIPCIONES Y EQUIVALENCIAS MODALIDAD DE HUMANIDADES Y CIENCIAS SOCIALES. DATOS DE INSCRIPCIONES Y EQUIVALENCIAS PTOBA Cronograma convocatoria 2021 RESOLUCION 5 FEBRERO 2021 [&hellip;]<\/p>\n","protected":false},"author":1,"featured_media":123,"parent":0,"menu_order":0,"comment_status":"closed","ping_status":"closed","template":"","meta":{"footnotes":""},"class_list":["post-237","page","type-page","status-publish","has-post-thumbnail","hentry"],"jetpack_sharing_enabled":true,"_links":{"self":[{"href":"https:\/\/iesmaimonides.es\/index.php?rest_route=\/wp\/v2\/pages\/237","targetHints":{"allow":["GET"]}}],"collection":[{"href":"https:\/\/iesmaimonides.es\/index.php?rest_route=\/wp\/v2\/pages"}],"about":[{"href":"https:\/\/iesmaimonides.es\/index.php?rest_route=\/wp\/v2\/types\/page"}],"author":[{"embeddable":true,"href":"https:\/\/iesmaimonides.es\/index.php?rest_route=\/wp\/v2\/users\/1"}],"replies":[{"embeddable":true,"href":"https:\/\/iesmaimonides.es\/index.php?rest_route=%2Fwp%2Fv2%2Fcomments&post=237"}],"version-history":[{"count":1,"href":"https:\/\/iesmaimonides.es\/index.php?rest_route=\/wp\/v2\/pages\/237\/revisions"}],"predecessor-version":[{"id":238,"href":"https:\/\/iesmaimonides.es\/index.php?rest_route=\/wp\/v2\/pages\/237\/revisions\/238"}],"wp:featuredmedia":[{"embeddable":true,"href":"https:\/\/iesmaimonides.es\/index.php?rest_route=\/wp\/v2\/media\/123"}],"wp:attachment":[{"href":"https:\/\/iesmaimonides.es\/index.php?rest_route=%2Fwp%2Fv2%2Fmedia&parent=237"}],"curies":[{"name":"wp","href":"https:\/\/api.w.org\/{rel}","templated":true}]}}