{"id":1743,"date":"2025-05-19T10:05:57","date_gmt":"2025-05-19T09:05:57","guid":{"rendered":"https:\/\/iesmaimonides.es\/?page_id=1743"},"modified":"2025-05-19T10:05:57","modified_gmt":"2025-05-19T09:05:57","slug":"oferta-modular-diferencia","status":"publish","type":"page","link":"https:\/\/iesmaimonides.es\/?page_id=1743","title":{"rendered":"Oferta Modular Diferencia"},"content":{"rendered":"<p>Aqu\u00ed podr\u00e1s encontrar toda la informaci\u00f3n relativa a los dos Ciclos Formativos que se imparten en la modalidad de Oferta Modular Diferenciada:<\/p>\n<ul>\n<li>Ciclo Formativa de Grado Medio de Instalaciones El\u00e9ctricas y Autom\u00e1ticas.<\/li>\n<li>Ciclo Formativo de Grado Medio de Gesti\u00f3n Administrativa.<\/li>\n<\/ul>\n","protected":false},"excerpt":{"rendered":"<p>Aqu\u00ed podr\u00e1s encontrar toda la informaci\u00f3n relativa a los dos Ciclos Formativos que se imparten en la modalidad de Oferta Modular Diferenciada: Ciclo Formativa de Grado Medio de Instalaciones El\u00e9ctricas y Autom\u00e1ticas. Ciclo Formativo de Grado Medio de Gesti\u00f3n Administrativa.<\/p>\n","protected":false},"author":3,"featured_media":0,"parent":0,"menu_order":0,"comment_status":"closed","ping_status":"closed","template":"","meta":{"footnotes":""},"class_list":["post-1743","page","type-page","status-publish","hentry"],"jetpack_sharing_enabled":true,"_links":{"self":[{"href":"https:\/\/iesmaimonides.es\/index.php?rest_route=\/wp\/v2\/pages\/1743","targetHints":{"allow":["GET"]}}],"collection":[{"href":"https:\/\/iesmaimonides.es\/index.php?rest_route=\/wp\/v2\/pages"}],"about":[{"href":"https:\/\/iesmaimonides.es\/index.php?rest_route=\/wp\/v2\/types\/page"}],"author":[{"embeddable":true,"href":"https:\/\/iesmaimonides.es\/index.php?rest_route=\/wp\/v2\/users\/3"}],"replies":[{"embeddable":true,"href":"https:\/\/iesmaimonides.es\/index.php?rest_route=%2Fwp%2Fv2%2Fcomments&post=1743"}],"version-history":[{"count":1,"href":"https:\/\/iesmaimonides.es\/index.php?rest_route=\/wp\/v2\/pages\/1743\/revisions"}],"predecessor-version":[{"id":1744,"href":"https:\/\/iesmaimonides.es\/index.php?rest_route=\/wp\/v2\/pages\/1743\/revisions\/1744"}],"wp:attachment":[{"href":"https:\/\/iesmaimonides.es\/index.php?rest_route=%2Fwp%2Fv2%2Fmedia&parent=1743"}],"curies":[{"name":"wp","href":"https:\/\/api.w.org\/{rel}","templated":true}]}}