{"id":1490,"date":"2023-10-27T10:34:42","date_gmt":"2023-10-27T09:34:42","guid":{"rendered":"https:\/\/iesmaimonides.es\/?page_id=1490"},"modified":"2024-07-26T19:18:29","modified_gmt":"2024-07-26T18:18:29","slug":"acreditacion-de-competencias-profesionales","status":"publish","type":"page","link":"https:\/\/iesmaimonides.es\/?page_id=1490","title":{"rendered":"Acreditaci\u00f3n de competencias profesionales"},"content":{"rendered":"<h2><img loading=\"lazy\" decoding=\"async\" class=\"alignnone size-full wp-image-1576\" src=\"https:\/\/i0.wp.com\/iesmaimonides.es\/wp-content\/uploads\/2024\/05\/2024-05-13-11_15_52-240429-Anexo-I-Fondos-NextGeneration-.pdf-Adobe-Acrobat-Pro-DC-32-bit.png?resize=980%2C141&#038;ssl=1\" alt=\"\" width=\"980\" height=\"141\" srcset=\"https:\/\/i0.wp.com\/iesmaimonides.es\/wp-content\/uploads\/2024\/05\/2024-05-13-11_15_52-240429-Anexo-I-Fondos-NextGeneration-.pdf-Adobe-Acrobat-Pro-DC-32-bit.png?w=1254&amp;ssl=1 1254w, https:\/\/i0.wp.com\/iesmaimonides.es\/wp-content\/uploads\/2024\/05\/2024-05-13-11_15_52-240429-Anexo-I-Fondos-NextGeneration-.pdf-Adobe-Acrobat-Pro-DC-32-bit.png?resize=768%2C111&amp;ssl=1 768w, https:\/\/i0.wp.com\/iesmaimonides.es\/wp-content\/uploads\/2024\/05\/2024-05-13-11_15_52-240429-Anexo-I-Fondos-NextGeneration-.pdf-Adobe-Acrobat-Pro-DC-32-bit.png?resize=210%2C30&amp;ssl=1 210w\" sizes=\"auto, (max-width: 980px) 100vw, 980px\" data-recalc-dims=\"1\" \/><\/h2>\n<p><strong><em><span style=\"color: #000000;\"><span style=\"font-family: Source Sans Pro, sans-serif;\"><span lang=\"es-ES\">La informaci\u00f3n publicada en el portal web del IACP <\/span><\/span><\/span><\/em><em><span style=\"color: #000000;\"><span style=\"font-family: Source Sans Pro, sans-serif;\"><span lang=\"es-ES\">relativa a<\/span><\/span><\/span><\/em><em><span style=\"color: #000000;\"><span style=\"font-family: Source Sans Pro, sans-serif;\"><span lang=\"es-ES\">l\u00a0<\/span><\/span><\/span><\/em><em><span style=\"color: #000000;\"><span style=\"font-family: Source Sans Pro, sans-serif;\"><span lang=\"es-ES\">procedimiento abierto y permanente,\u00a0<\/span><\/span><\/span><\/em><em><span style=\"color: #000000;\"><span style=\"font-family: Source Sans Pro, sans-serif;\"><span lang=\"es-ES\">y a<\/span><\/span><\/span><\/em><em><span style=\"color: #000000;\"><span style=\"font-family: Source Sans Pro, sans-serif;\"><span lang=\"es-ES\">\u00a0las\u00a0<\/span><\/span><\/span><\/em><em><span style=\"color: #000000;\"><span style=\"font-family: Source Sans Pro, sans-serif;\"><span lang=\"es-ES\">convocatoria\u00a0<\/span><\/span><\/span><\/em><em><span style=\"color: #000000;\"><span style=\"font-family: Source Sans Pro, sans-serif;\"><span lang=\"es-ES\">espec\u00edficas que\u00a0<\/span><\/span><\/span><\/em><em><span style=\"color: #000000;\"><span style=\"font-family: Source Sans Pro, sans-serif;\"><span lang=\"es-ES\">s<\/span><\/span><\/span><\/em><em><span style=\"color: #000000;\"><span style=\"font-family: Source Sans Pro, sans-serif;\"><span lang=\"es-ES\">e lleven a cabo la<\/span><\/span><\/span><\/em><em><span style=\"color: #000000;\"><span style=\"font-family: Source Sans Pro, sans-serif;\"><span lang=\"es-ES\">\u00a0podr\u00e1n encontrar en el siguiente enlace:\u00a0<\/span><\/span><\/span><\/em><em><a href=\"https:\/\/www.juntadeandalucia.es\/educacion\/portals\/web\/iacp\/convocatorias\" target=\"_blank\" rel=\"noopener\" data-saferedirecturl=\"https:\/\/www.google.com\/url?q=https:\/\/www.juntadeandalucia.es\/educacion\/portals\/web\/iacp\/convocatorias&amp;source=gmail&amp;ust=1722100749608000&amp;usg=AOvVaw0PK1ppGgca0qe7jUuQLE9u\">https:\/\/www.juntadeandalucia.<wbr \/>es\/educacion\/portals\/web\/iacp\/<wbr \/>convocatorias<\/a><\/em><em><span style=\"color: #000000;\"><span style=\"font-family: Source Sans Pro, sans-serif;\"><span lang=\"es-ES\">\u00a0.<\/span><\/span><\/span><\/em><\/strong><\/p>\n<h2><\/h2>\n<h2><strong>\u00bfA QUI\u00c9N VA DIRIGIDO?<\/strong><\/h2>\n<p>A todas aquellas personas que no tienen un t\u00edtulo oficial, pero:<\/p>\n<ul>\n<li>Han desempe\u00f1ado un trabajo desempe\u00f1ando una profesi\u00f3n durante alg\u00fan tiempo o<\/li>\n<li>Ha realizado cursos de formaci\u00f3n que versen sobre esa profesi\u00f3n. Esta formaci\u00f3n es aquella diferente a los t\u00edtulos oficiales del tipo Ciclos Formativos, T\u00edtulos Universitarios, etc. Por ejemplo: cursos que hayas hecho a trav\u00e9s de tu empresa, en sindicatos, o en entidades acreditadas.<\/li>\n<\/ul>\n<p>Por ejemplo: un electricista que comenz\u00f3 a trabajar cuando termin\u00f3 la EGB o la ESO.<\/p>\n<h2>\u00bfCU\u00c1LES SON LOS REQUISITOS?<\/h2>\n<p>Es necesario justificar, al menos, uno de los siguientes requisitos:<\/p>\n<p>1. Experiencia laboral (cumplir lo siguiente en los 15 a\u00f1os anteriores a la convocatoria):<\/p>\n<p style=\"padding-left: 40px;\">\u2022 2 a\u00f1os o m\u00e1s, con un m\u00ednimo de 1.200 horas trabajadas (cualificaciones de nivel 1).<br \/>\n\u2022 3 a\u00f1os o m\u00e1s, con un m\u00ednimo de 2.000 horas trabajadas (cualificaciones de nivel 2 y 3).<\/p>\n<p>2. Formaci\u00f3n no incluida en el sistema educativo reglado (cumplir lo siguiente en los 10 a\u00f1os anteriores a la convocatoria):<\/p>\n<p style=\"padding-left: 40px;\">\u2022 200 horas o m\u00e1s (cualificaciones de nivel 1).<br \/>\n\u2022 300 horas o m\u00e1s (cualificaciones de nivel 2 y 3).<\/p>\n<h2>\u00bfD\u00d3NDE PUEDO CONSULTAR LAS CUALIFICACIONES PROFESIONALES QUE PUEDO ACREDITAR?<\/h2>\n<p>Para saber cuales son las cualificaciones que podr\u00edas acreditar, en funci\u00f3n de tu experiencia y\/o formaci\u00f3n, puedes consultar el siguiente enlace:<br \/>\n<a href=\"https:\/\/incual.educacion.gob.es\/administracion_cualificaciones\" target=\"_blank\" rel=\"noopener\">https:\/\/incual.educacion.gob.es\/administracion_cualificaciones<\/a><\/p>\n<h2>\u00bfQU\u00c9 DOCUMENTACI\u00d3N TENGO QUE PRESENTAR?<\/h2>\n<p>1. Curr\u00edculum vitae europeo. Puedes cumplimentarlo en el siguiente enlace: <a href=\"https:\/\/europa.eu\/europass\/es\/create-europass-cv\" target=\"_blank\" rel=\"noopener\">Curriculum<\/a><\/p>\n<p>2. Vida laboral.<\/p>\n<p>3. Si has trabajado para una empresa: copia del contrato de trabajo o certificado de empresa (personas asalariadas). \u00a1Si adem\u00e1s presentas un documento firmado por la empresa<br \/>\ndonde se describan las actividades que has realizado, todo ser\u00e1 m\u00e1s f\u00e1cil!<\/p>\n<p>4. Si has sido aut\u00f3nomo: documentaci\u00f3n descriptiva y acreditativa de la actividad desarrollada:<\/p>\n<ul>\n<li>Documentos que justifiquen el nombre, c\u00f3digo o ep\u00edgrafe de las actividades empresariales y profesionales en las que la persona solicitante est\u00e9 de alta (modelo 036, 037, IAE&#8230;).<\/li>\n<li>Declaraci\u00f3n responsable donde se indique las tareas desarrolladas en relaci\u00f3n con la cualificaci\u00f3n profesional y los intervalos de tiempo en los que \u00e9stas se han desarrollado,<\/li>\n<\/ul>\n<p>5. Si has sido voluntario: certificaci\u00f3n de voluntariado o becariado.<\/p>\n<p>6. Certificaci\u00f3n de la formaci\u00f3n realizada (no se tendr\u00e1n en cuenta t\u00edtulos de bachillerato, ESO, ciclos formativos, universitarios o equivalentes ya que esto es una formaci\u00f3n reglada).<\/p>\n<h2>\u00bfD\u00d3NDE PRESENTO LA SOLICITUD?<\/h2>\n<p>Lo tienes que realizar en la Secretar\u00eda Virtual de la Consejer\u00eda de Educaci\u00f3n, accediendo en el siguiente enlace<br \/>\n<a href=\"https:\/\/www.juntadeandalucia.es\/educacion\/secretariavirtual\/solicitudes\/\">https:\/\/www.juntadeandalucia.es\/educacion\/secretariavirtual\/solicitudes\/<\/a><\/p>\n<p>y pinchar en \u201cAcredita\u201d. Puedes verlo en esta <a href=\"https:\/\/iesmaimonides.es\/wp-content\/uploads\/2023\/11\/2023-11-16-16_54_03-Solicitudes-disponibles.png\" target=\"_blank\" rel=\"noopener\">imagen.<\/a><\/p>\n<h2>\u00bfCU\u00c1L ES EL PLAZO?<\/h2>\n<p>No hay plazo. Siempre est\u00e1 abierto. Pues hacerlo en cualquier momento.<\/p>\n<h2>\u00bfCU\u00c1LES SON LAS FASES?<\/h2>\n<p>Puedes verlas en la siguiente web: <a href=\"https:\/\/www.juntadeandalucia.es\/educacion\/portals\/web\/iacp\/fases\" target=\"_blank\" rel=\"noopener\">FASES.<\/a><\/p>\n<p>De forma resumida:<\/p>\n<ul>\n<li>Asesoramiento: un asesor te guiar\u00e1 en esta fase para que, tu mismo, puedas determinar si tienes la suficiente experiencia laboral y formaci\u00f3n para tener \u00e9xito en el procedimiento.<\/li>\n<li>Evaluaci\u00f3n: el evaluador ser\u00e1 el que, finalmente, concluya si tienes la experiencia laboral y formaci\u00f3n para poder obtener la acreditaci\u00f3n que solicitas. Lo har\u00e1 viendo toda la documentaci\u00f3n aportada, mediante una o varias entrevistas y, si fuera necesario, mediante la realizaci\u00f3n de alguna prueba (esto \u00faltimo no siempre es necesario).<\/li>\n<li>Acreditaci\u00f3n: se te expedir\u00e1 un certificado de acreditaci\u00f3n de cada una de las unidades de competencia que hayas podido demostrar.<\/li>\n<\/ul>\n<h2>\u00bfQU\u00c9 OBTIENES?<\/h2>\n<p>Un certificado de acreditaci\u00f3n de las unidades de competencia o un certificado de profesionalidad, que te servir\u00e1 para presentar en el mercado laboral o bien para la convalidaci\u00f3n de m\u00f3dulos profesionales de Ciclos Formativos.<\/p>\n<p>&nbsp;<\/p>\n<p>En todo caso, si sigues teniendo duda, ponte en contacto con nosotros enviando un correo a la siguiente direcci\u00f3n:<\/p>\n<p style=\"text-align: center;\"><a href=\"mailto:14002923.acredita@g.educaand.es\">14002923.acredita@g.educaand.es<\/a><\/p>\n<p>El desarrollo de las diferentes convocatorias las puede consultar en:<\/p>\n<p><a href=\"https:\/\/www.juntadeandalucia.es\/educacion\/portals\/web\/iacp\/convocatorias\">https:\/\/www.juntadeandalucia.es\/educacion\/portals\/web\/iacp\/convocatorias<\/a><\/p>\n","protected":false},"excerpt":{"rendered":"<p>La informaci\u00f3n publicada en el portal web del IACP relativa al\u00a0procedimiento abierto y permanente,\u00a0y a\u00a0las\u00a0convocatoria\u00a0espec\u00edficas que\u00a0se lleven a cabo la\u00a0podr\u00e1n encontrar en el siguiente enlace:\u00a0https:\/\/www.juntadeandalucia.es\/educacion\/portals\/web\/iacp\/convocatorias\u00a0. \u00bfA QUI\u00c9N VA DIRIGIDO? A todas aquellas personas que no tienen un t\u00edtulo oficial, pero: Han desempe\u00f1ado un trabajo desempe\u00f1ando una profesi\u00f3n durante alg\u00fan tiempo o Ha realizado cursos de [&hellip;]<\/p>\n","protected":false},"author":3,"featured_media":0,"parent":0,"menu_order":0,"comment_status":"closed","ping_status":"closed","template":"","meta":{"footnotes":""},"class_list":["post-1490","page","type-page","status-publish","hentry"],"jetpack_sharing_enabled":true,"_links":{"self":[{"href":"https:\/\/iesmaimonides.es\/index.php?rest_route=\/wp\/v2\/pages\/1490","targetHints":{"allow":["GET"]}}],"collection":[{"href":"https:\/\/iesmaimonides.es\/index.php?rest_route=\/wp\/v2\/pages"}],"about":[{"href":"https:\/\/iesmaimonides.es\/index.php?rest_route=\/wp\/v2\/types\/page"}],"author":[{"embeddable":true,"href":"https:\/\/iesmaimonides.es\/index.php?rest_route=\/wp\/v2\/users\/3"}],"replies":[{"embeddable":true,"href":"https:\/\/iesmaimonides.es\/index.php?rest_route=%2Fwp%2Fv2%2Fcomments&post=1490"}],"version-history":[{"count":17,"href":"https:\/\/iesmaimonides.es\/index.php?rest_route=\/wp\/v2\/pages\/1490\/revisions"}],"predecessor-version":[{"id":1628,"href":"https:\/\/iesmaimonides.es\/index.php?rest_route=\/wp\/v2\/pages\/1490\/revisions\/1628"}],"wp:attachment":[{"href":"https:\/\/iesmaimonides.es\/index.php?rest_route=%2Fwp%2Fv2%2Fmedia&parent=1490"}],"curies":[{"name":"wp","href":"https:\/\/api.w.org\/{rel}","templated":true}]}}