{"id":1357,"date":"2023-05-17T17:12:09","date_gmt":"2023-05-17T16:12:09","guid":{"rendered":"https:\/\/iesmaimonides.es\/?page_id=1357"},"modified":"2023-05-17T17:12:09","modified_gmt":"2023-05-17T16:12:09","slug":"pevau-2023","status":"publish","type":"page","link":"https:\/\/iesmaimonides.es\/?page_id=1357","title":{"rendered":"PEvAU 2023"},"content":{"rendered":"<p style=\"text-align: left;\"><span style=\"font-weight: 400;\">A continuaci\u00f3n te mostramos toda la informaci\u00f3n a la PEVAU 2023:<\/span><\/p>\n<p style=\"text-align: left;\"><span style=\"font-weight: 400;\">\u00a1\u00a1MUCHA SUERTE!!<\/span><\/p>\n<p style=\"text-align: center;\"><b><i><u>Fechas celebraci\u00f3n de la convocatoria ORDINARIA<\/u><\/i><\/b><\/p>\n<p style=\"text-align: center;\"><span style=\"color: #0000ff;\"><b><i>ALUMNADO DE BACHILLERATO Y CICLOS FORMATIVOS DE GRADO SUPERIOR<\/i><\/b><\/span><\/p>\n<p style=\"text-align: center;\"><strong>13, 14 y 15 de junio<\/strong><\/p>\n<p style=\"text-align: center;\"><b><i>\u00bfD\u00f3nde te vas a examinar?<\/i><\/b><\/p>\n<p style=\"text-align: center;\"><span style=\"font-weight: 400;\">Facultad de Ciencias del Trabajo &#8211; Sede n.\u00ba 4<\/span><span style=\"font-weight: 400;\"><br \/>\n<\/span><span style=\"font-weight: 400;\"> C\/ Adarve, 30 &#8211; C\u00f3rdoba.<\/span><\/p>\n<table>\n<thead>\n<tr>\n<th colspan=\"3\"><b><i>Resumen<\/i><\/b><\/th>\n<\/tr>\n<tr>\n<th><\/th>\n<th><b>Fechas<\/b><\/th>\n<th><b>\u00bfQu\u00e9 tengo que hacer?<\/b><\/th>\n<\/tr>\n<\/thead>\n<tbody>\n<tr>\n<td><b>Matriculaci\u00f3n<\/b><\/td>\n<td><span style=\"font-weight: 400;\">Hasta el 2 de junio (inclusive)<\/span><\/td>\n<td>\n<ol>\n<li style=\"font-weight: 400;\" aria-level=\"1\"><span style=\"font-weight: 400;\">Cumplimentar <\/span><a href=\"https:\/\/truco.gestion.uco.es\/truco\/f?p=RELLENA:MATRICULA_PEVAU\"><span style=\"font-weight: 400;\">el formulario web<\/span><\/a><span style=\"font-weight: 400;\">. (Si tienes problemas, aqu\u00ed tienes el <\/span><a href=\"https:\/\/drive.google.com\/file\/d\/1ju59GygqcxeObnkvxNtYWRZLerFb1ejp\/view?usp=sharing\"><span style=\"font-weight: 400;\">pdf<\/span><\/a><span style=\"font-weight: 400;\">). No omitas datos. <\/span><b>MUY IMPORTANTE: CORREO ELECTR\u00d3NICO PARA QUE TE PODAMOS ENVIAR LA CARTA DE PAGO.<\/b><\/li>\n<li style=\"font-weight: 400;\" aria-level=\"1\"><span style=\"font-weight: 400;\">F\u00edrmalo.<\/span><\/li>\n<li style=\"font-weight: 400;\" aria-level=\"1\"><span style=\"font-weight: 400;\">Env\u00edalo junto con la siguiente documentaci\u00f3n al correo:<\/span><\/li>\n<\/ol>\n<p style=\"text-align: center;\"><span style=\"color: #0000ff;\"><b>14002923.pevau@g.educaand.es<\/b> <span style=\"font-weight: 400;\">\u00a0<\/span><\/span><\/p>\n<p><span style=\"font-weight: 400;\">&#8211; <\/span><b>Fotocopia del D.N.I.\u00a0<\/b><\/p>\n<p><span style=\"font-weight: 400;\">&#8211; <\/span><b>Fotocopia del Libro de Familia Numerosa<\/b><span style=\"font-weight: 400;\">, en su caso.\u00a0<\/span><\/p>\n<p><span style=\"font-weight: 400;\">&#8211; <\/span><b>Fotocopia del Certificado de Discapacidad <\/b><span style=\"font-weight: 400;\">igual o superior al 33%, si procede.<\/span><\/p>\n<p><span style=\"font-weight: 400;\">\u00a0&#8211; <\/span><b>Certificado de V\u00edctima del terrorismo o de violencia de g\u00e9nero<\/b><span style=\"font-weight: 400;\">, en su caso.\u00a0<\/span><\/p>\n<p><span style=\"font-weight: 400;\">&#8211; <\/span><b>Acreditaci\u00f3n de ser beneficiario\/a de ingreso m\u00ednimo vital,<\/b><span style=\"font-weight: 400;\"> en su caso.<\/span><\/td>\n<\/tr>\n<tr>\n<td><b>Carta de liquidaci\u00f3n<\/b><\/td>\n<td><span style=\"font-weight: 400;\">Entre el 6 y 7 de junio<\/span><\/td>\n<td><span style=\"font-weight: 400;\">Se te enviar\u00e1 la carta de pago al CORREO ELECTR\u00d3NICO que has puesto en la solicitud. ESTATE MUY ATENTO\/A.<\/span><\/td>\n<\/tr>\n<tr>\n<td><b>Pago de liquidaci\u00f3n por el alumnado<\/b><\/td>\n<td><span style=\"font-weight: 400;\">Hasta el d\u00eda 9 (inclusive)<\/span><\/td>\n<td><span style=\"font-weight: 400;\">En el siguiente enlace tienes toda la informaci\u00f3n de c\u00f3mo proceder al pago:<\/span><\/p>\n<p><a href=\"https:\/\/www.uco.es\/servicios\/sega\/acceso-y-matricula\/pruebas-acceso\/270-2017-05-08-09-50-17\"><span style=\"font-weight: 400;\">Proceso de pago PEVAU alumnado.<\/span><\/a><\/p>\n<p><span style=\"font-weight: 400;\">Te indicamos los precios p\u00fablicos de matr\u00edcula:<\/span><\/p>\n<p><b>PRUEBA DE ACCESO<\/b><\/p>\n<p><span style=\"font-weight: 400;\">&#8211; Normal: 58.70 \u20ac<\/span><\/p>\n<p><span style=\"font-weight: 400;\">&#8211; Familia Numerosa General: 29.35 \u20ac<\/span><\/p>\n<p><span style=\"font-weight: 400;\">&#8211; Familia Numerosa Especial: Exento<\/span><\/p>\n<p><span style=\"font-weight: 400;\">&#8211; Discapacidad igual o superior al 33%: Exento<\/span><\/p>\n<p><span style=\"font-weight: 400;\">&#8211; V\u00edctima del terrorismo o de violencia de g\u00e9nero: Exento<\/span><\/p>\n<p><span style=\"font-weight: 400;\">&#8211; Beneficiario de ingreso m\u00ednimo vital: Exento<\/span><\/p>\n<p><b>PRUEBA DE ADMISI\u00d3N: (por cada asignatura)<\/b><\/p>\n<p><span style=\"font-weight: 400;\">&#8211; Normal: 14.70 \u20ac<\/span><\/p>\n<p><span style=\"font-weight: 400;\">&#8211; Familia Numerosa General: 7.35 \u20ac<\/span><\/p>\n<p><span style=\"font-weight: 400;\">&#8211; Familia Numerosa Especial: Exento<\/span><\/p>\n<p><span style=\"font-weight: 400;\">&#8211; Discapacidad igual o superior al 33%: Exento<\/span><\/p>\n<p><span style=\"font-weight: 400;\">&#8211; V\u00edctima del terrorismo o de violencia de g\u00e9nero: Exento<\/span><\/p>\n<p><span style=\"font-weight: 400;\">&#8211; Beneficiario de ingreso m\u00ednimo vital: Exento<\/span><\/td>\n<\/tr>\n<tr>\n<td><b>Otras cuestiones de inter\u00e9s.<\/b><\/td>\n<td><\/td>\n<td>\n<ul>\n<li style=\"font-weight: 400;\" aria-level=\"1\"><span style=\"font-weight: 400;\">El d\u00eda del examen te dar\u00e1n una contrase\u00f1a para que, despu\u00e9s, puedas consultar y descargarte la papeleta con las calificaciones. \u00a1\u00a1RECU\u00c9RDALO!!<\/span><\/li>\n<li style=\"font-weight: 400;\" aria-level=\"1\"><b>Alumnado de Ciclos Formativos de Grado Superior (CFGS): <\/b><span style=\"font-weight: 400;\">El Distrito \u00danico Andaluz establece como requisito de acceso para los\/as alumnos\/as procedentes de CFGS el resguardo de haber abonado los derechos de expedici\u00f3n del t\u00edtulo de T\u00e9cnico Superior con fecha l\u00edmite 11 de julio.<\/span><\/li>\n<li style=\"font-weight: 400;\" aria-level=\"1\"><b>El calendario y horario de la Prueba de Evaluaci\u00f3n de Bachillerato para el acceso a la<\/b> <b>Universidad, convocatoria ordinaria de junio 2023, podr\u00e1 consultarse en el siguiente enlace junto<\/b> <b>con m\u00e1s informaci\u00f3n relativa a la prueba:<\/b><b>\u00a0<\/b><\/li>\n<\/ul>\n<p><a href=\"http:\/\/www.uco.es\/pie\/acceso-pevau\"><b>http:\/\/www.uco.es\/pie\/acceso-pevau<\/b><b>\u00a0<\/b><\/a><\/p>\n<ul>\n<li style=\"font-weight: 400;\" aria-level=\"1\"><span style=\"font-weight: 400;\">Normativa de aplicaci\u00f3n:<\/span><\/li>\n<\/ul>\n<p><a href=\"https:\/\/drive.google.com\/file\/d\/1mDG3BBkNHfP0rxTI_Gdy82yVb7_NAcJK\/view?usp=sharing\"><span style=\"font-weight: 400;\">Resoluci\u00f3n de 24 de noviembre de 2022, en la que se establecen los plazos, el calendario y el c\u00e1lculo de notas de las pruebas de evaluaci\u00f3n de bachillerato para el acceso a la universidad y de las pruebas de admisi\u00f3n que se celebrar\u00e1n en el curso 2022\/2023.<\/span><\/a><\/td>\n<\/tr>\n<\/tbody>\n<\/table>\n","protected":false},"excerpt":{"rendered":"<p>A continuaci\u00f3n te mostramos toda la informaci\u00f3n a la PEVAU 2023: \u00a1\u00a1MUCHA SUERTE!! Fechas celebraci\u00f3n de la convocatoria ORDINARIA ALUMNADO DE BACHILLERATO Y CICLOS FORMATIVOS DE GRADO SUPERIOR 13, 14 y 15 de junio \u00bfD\u00f3nde te vas a examinar? Facultad de Ciencias del Trabajo &#8211; Sede n.\u00ba 4 C\/ Adarve, 30 &#8211; C\u00f3rdoba. Resumen Fechas [&hellip;]<\/p>\n","protected":false},"author":3,"featured_media":0,"parent":0,"menu_order":0,"comment_status":"closed","ping_status":"closed","template":"","meta":{"footnotes":""},"class_list":["post-1357","page","type-page","status-publish","hentry"],"jetpack_sharing_enabled":true,"_links":{"self":[{"href":"https:\/\/iesmaimonides.es\/index.php?rest_route=\/wp\/v2\/pages\/1357","targetHints":{"allow":["GET"]}}],"collection":[{"href":"https:\/\/iesmaimonides.es\/index.php?rest_route=\/wp\/v2\/pages"}],"about":[{"href":"https:\/\/iesmaimonides.es\/index.php?rest_route=\/wp\/v2\/types\/page"}],"author":[{"embeddable":true,"href":"https:\/\/iesmaimonides.es\/index.php?rest_route=\/wp\/v2\/users\/3"}],"replies":[{"embeddable":true,"href":"https:\/\/iesmaimonides.es\/index.php?rest_route=%2Fwp%2Fv2%2Fcomments&post=1357"}],"version-history":[{"count":1,"href":"https:\/\/iesmaimonides.es\/index.php?rest_route=\/wp\/v2\/pages\/1357\/revisions"}],"predecessor-version":[{"id":1358,"href":"https:\/\/iesmaimonides.es\/index.php?rest_route=\/wp\/v2\/pages\/1357\/revisions\/1358"}],"wp:attachment":[{"href":"https:\/\/iesmaimonides.es\/index.php?rest_route=%2Fwp%2Fv2%2Fmedia&parent=1357"}],"curies":[{"name":"wp","href":"https:\/\/api.w.org\/{rel}","templated":true}]}}